{"id":2,"date":"2025-01-09T08:56:13","date_gmt":"2025-01-09T08:56:13","guid":{"rendered":"http:\/\/rewitec.ideehost.com\/?page_id=2"},"modified":"2025-06-03T16:11:07","modified_gmt":"2025-06-03T14:11:07","slug":"impressum","status":"publish","type":"page","link":"https:\/\/rewitec.ideehost.com\/en\/impressum\/","title":{"rendered":"Imprint"},"content":{"rendered":"<p>REWITEC GmbH<br>Dr.-Hans-Wilhelmi-Weg 1<br>35633 Lahnau<\/p>\n\n\n\n<p>Handelsregister: HRB 4846<br>Registergericht: Amtsgericht Wetzlar<\/p>\n\n\n\n<p><strong>Vertreten durch:<\/strong><br>Stefan Bill<\/p>\n\n\n\n<h2 class=\"wp-block-heading\">Contact us<\/h2>\n\n\n\n<p>Telefon: +49(0)6441\/44599-0<br>Telefax: +49(0)6441\/44599-25<br>E-mail: info@rewitec.com<\/p>\n\n\n\n<h2 class=\"wp-block-heading\">Umsatzsteuer-ID<\/h2>\n\n\n\n<p>Umsatzsteuer-Identifikationsnummer gem\u00e4\u00df \u00a7 27 a Umsatzsteuergesetz:<br>DE 231426858<\/p>\n\n\n\n<h2 class=\"wp-block-heading\">Redaktionell verantwortlich<\/h2>\n\n\n\n<p>Stefan Bill<\/p>\n\n\n\n<h2 class=\"wp-block-heading\">EU-Streitschlichtung<\/h2>\n\n\n\n<p>Die Europ\u00e4ische Kommission stellt eine Plattform zur Online-Streitbeilegung (OS) bereit:&nbsp;<a href=\"https:\/\/ec.europa.eu\/consumers\/odr\/\" target=\"_blank\" rel=\"noreferrer noopener\">https:\/\/ec.europa.eu\/consumers\/odr\/<\/a>.<br>Unsere E-Mail-Adresse finden Sie oben im Impressum.<\/p>\n\n\n\n<h2 class=\"wp-block-heading\">Verbraucher\u00adstreit\u00adbeilegung\/Universal\u00adschlichtungs\u00adstelle<\/h2>\n\n\n\n<p>Wir sind nicht bereit oder verpflichtet, an Streitbeilegungsverfahren vor einer Verbraucherschlichtungsstelle teilzunehmen.<\/p>\n\n\n\n<p><strong>Quellenangaben f\u00fcr die verwendeten Bilder und Grafiken<\/strong>:<br>Katharina J\u00e4ger, Fotografische Werkstatt,&nbsp;<a href=\"http:\/\/www.fotografischewerkstatt.de\/\" target=\"_blank\" rel=\"noreferrer noopener\">www.fotografischewerkstatt.de<\/a><br>istockphoto.com (chinaface, Fertnig, gradyreese, inakiantonana, IPGGutenbergUKLtd, millann, PeopleImages, stocknroll, vinzo, vm)<br>shutterstock.com (Andrey_Popov, Business plus, Corepics VOF, Dmitry Kalinovsky, donvictorio, Jaroslav Pachy sr, Juanan Barros Moreno, Macrovecto, maxuser, Samo Trebizan, Stephen Meese, studioVin, Tungphoto, Pavel L Photo and Video, pedrosala, prochasson frederic, William Ju, Wlad74, Zbynek Jirousek)<\/p>\n\n\n\n<p><strong>Konzeption, Layout und Realisierung:<br><\/strong><a href=\"https:\/\/ideegrafik.de\/\">Ideegrafik Kreativagentur GmbH<\/a><br><br>Quelle: http:\/\/www.e-recht24.de<\/p>\n\n\n\n<p><strong>Markenverzeichnis<\/strong><br><br>Soweit nicht anders angegeben, sind alle Markenzeichen auf REWITEC<sup>\u00ae<\/sup>&nbsp;Websites markenrechtlich gesch\u00fctzt. Dies gilt insbesondere f\u00fcr REWITEC<sup>\u00ae<\/sup>&nbsp;Marken, Typenschilder, Firmenlogos und Embleme. Die auf unseren Seiten verwendeten Marken und Gestaltungselemente sind geistiges Eigentum der REWITEC GmbH, Deutschland.<br><br><strong>Garantieverzeichnis<\/strong><br><br>Diese Website wurde mit gr\u00f6\u00dftm\u00f6glicher Sorgfalt zusammengestellt. Trotzdem kann die REWITEC GmbH f\u00fcr die Fehlerfreiheit und Genauigkeit der enthaltenen Informationen nicht garantieren. Die REWITEC GmbH schlie\u00dft jegliche Haftung f\u00fcr Sch\u00e4den, die direkt oder indirekt aus der Benutzung dieser Website entstehen, aus, soweit diese nicht auf Vorsatz oder grober Fahrl\u00e4ssigkeit von REWITEC<sup>\u00ae<\/sup>&nbsp;beruhen.<br><br><strong>Lizenzverzeichnis<\/strong><br><br>Das in der REWITEC<sup>\u00ae<\/sup>-Website enthaltene geistige Eigentum wie Patente, Marken und Urheberrechte ist gesch\u00fctzt. Durch diese Website wird keine Lizenz zur Nutzung des geistigen Eigentums von REWITEC<sup>\u00ae<\/sup>&nbsp;oder Dritten erteilt.<\/p>\n\n\n\n<h3 class=\"wp-block-heading\">Haftungsausschluss (Disclaimer)<\/h3>\n\n\n\n<p><strong>Haftung f\u00fcr Inhalte<\/strong><br><br>Als Diensteanbieter sind wir gem\u00e4\u00df \u00a7 7 Abs.1 TMG f\u00fcr eigene Inhalte auf diesen Seiten nach den allgemeinen Gesetzen verantwortlich. Nach \u00a7\u00a7 8 bis 10 TMG sind wir als Diensteanbieter jedoch nicht verpflichtet, \u00fcbermittelte oder gespeicherte fremde Informationen zu \u00fcberwachen oder nach Umst\u00e4nden zu forschen, die auf eine rechtswidrige T\u00e4tigkeit hinweisen. Verpflichtungen zur Entfernung oder Sperrung der Nutzung von Informationen nach den allgemeinen Gesetzen bleiben hiervon unber\u00fchrt. Eine diesbez\u00fcgliche Haftung ist jedoch erst ab dem Zeitpunkt der Kenntnis einer konkreten Rechtsverletzung m\u00f6glich. Bei Bekanntwerden von entsprechenden Rechtsverletzungen werden wir diese Inhalte umgehend entfernen.<br><br><strong>Haftung f\u00fcr Links<\/strong><br><br>Unser Angebot enth\u00e4lt Links zu externen Webseiten Dritter, auf deren Inhalte wir keinen Einfluss haben. Deshalb k\u00f6nnen wir f\u00fcr diese fremden Inhalte auch keine Gew\u00e4hr \u00fcbernehmen. F\u00fcr die Inhalte der verlinkten Seiten ist stets der jeweilige Anbieter oder Betreiber der Seiten verantwortlich. Die verlinkten Seiten wurden zum Zeitpunkt der Verlinkung auf m\u00f6gliche Rechtsverst\u00f6\u00dfe \u00fcberpr\u00fcft. Rechtswidrige Inhalte waren zum Zeitpunkt der Verlinkung nicht erkennbar. Eine permanente inhaltliche Kontrolle der verlinkten Seiten ist jedoch ohne konkrete Anhaltspunkte einer Rechtsverletzung nicht zumutbar. Bei Bekanntwerden von Rechtsverletzungen werden wir derartige Links umgehend entfernen.<br><br><strong>Urheberrecht<\/strong><br><br>Die durch die Seitenbetreiber erstellten Inhalte und Werke auf diesen Seiten unterliegen dem deutschen Urheberrecht. Die Vervielf\u00e4ltigung, Bearbeitung, Verbreitung und jede Art der Verwertung au\u00dferhalb der Grenzen des Urheberrechtes bed\u00fcrfen der schriftlichen Zustimmung des jeweiligen Autors bzw. Erstellers. Downloads und Kopien dieser Seite sind nur f\u00fcr den privaten, nicht kommerziellen Gebrauch gestattet. Soweit die Inhalte auf dieser Seite nicht vom Betreiber erstellt wurden, werden die Urheberrechte Dritter beachtet. Insbesondere werden Inhalte Dritter als solche gekennzeichnet. Sollten Sie trotzdem auf eine Urheberrechtsverletzung aufmerksam werden, bitten wir um einen entsprechenden Hinweis. Bei Bekanntwerden von Rechtsverletzungen werden wir derartige Inhalte umgehend entfernen.<\/p>","protected":false},"excerpt":{"rendered":"<p>REWITEC GmbHDr.-Hans-Wilhelmi-Weg 135633 Lahnau Handelsregister: HRB 4846Registergericht: Amtsgericht Wetzlar Vertreten durch:Stefan Bill Kontakt Telefon: +49(0)6441\/44599-0Telefax: +49(0)6441\/44599-25E-Mail: info@rewitec.com Umsatzsteuer-ID Umsatzsteuer-Identifikationsnummer gem\u00e4\u00df \u00a7 27 a Umsatzsteuergesetz:DE 231426858 Redaktionell verantwortlich Stefan Bill EU-Streitschlichtung Die Europ\u00e4ische Kommission stellt eine Plattform zur Online-Streitbeilegung (OS) bereit:&nbsp;https:\/\/ec.europa.eu\/consumers\/odr\/.Unsere E-Mail-Adresse finden Sie oben im Impressum. Verbraucher\u00adstreit\u00adbeilegung\/Universal\u00adschlichtungs\u00adstelle Wir sind nicht bereit oder verpflichtet, an Streitbeilegungsverfahren [&hellip;]<\/p>","protected":false},"author":1,"featured_media":0,"parent":0,"menu_order":0,"comment_status":"closed","ping_status":"closed","template":"","meta":{"_acf_changed":false,"_seopress_robots_primary_cat":"","_seopress_titles_title":"","_seopress_titles_desc":"","_seopress_robots_index":"","inline_featured_image":false,"footnotes":""},"class_list":["post-2","page","type-page","status-publish","hentry"],"acf":[],"_links":{"self":[{"href":"https:\/\/rewitec.ideehost.com\/en\/wp-json\/wp\/v2\/pages\/2","targetHints":{"allow":["GET"]}}],"collection":[{"href":"https:\/\/rewitec.ideehost.com\/en\/wp-json\/wp\/v2\/pages"}],"about":[{"href":"https:\/\/rewitec.ideehost.com\/en\/wp-json\/wp\/v2\/types\/page"}],"author":[{"embeddable":true,"href":"https:\/\/rewitec.ideehost.com\/en\/wp-json\/wp\/v2\/users\/1"}],"replies":[{"embeddable":true,"href":"https:\/\/rewitec.ideehost.com\/en\/wp-json\/wp\/v2\/comments?post=2"}],"version-history":[{"count":7,"href":"https:\/\/rewitec.ideehost.com\/en\/wp-json\/wp\/v2\/pages\/2\/revisions"}],"predecessor-version":[{"id":716,"href":"https:\/\/rewitec.ideehost.com\/en\/wp-json\/wp\/v2\/pages\/2\/revisions\/716"}],"wp:attachment":[{"href":"https:\/\/rewitec.ideehost.com\/en\/wp-json\/wp\/v2\/media?parent=2"}],"curies":[{"name":"wp","href":"https:\/\/api.w.org\/{rel}","templated":true}]}}