{"id":313,"date":"2025-03-31T10:41:13","date_gmt":"2025-03-31T08:41:13","guid":{"rendered":"https:\/\/rewitec.ideehost.com\/?page_id=313"},"modified":"2025-05-21T10:12:04","modified_gmt":"2025-05-21T08:12:04","slug":"unternehmen","status":"publish","type":"page","link":"https:\/\/rewitec.ideehost.com\/en\/unternehmen\/","title":{"rendered":"The company"},"content":{"rendered":"<h2 class=\"wp-block-heading\">Langlebigkeit und Nachhaltigkeit im Fokus<\/h2>\n\n\n\n<p>Bereits seit der Erfindung des Rades besch\u00e4ftigen sich innovative Menschen mit dem Bereich Reibung und Verschlei\u00df. Die Entwicklung von Technologien zur Reibungsoptimierung und geeigneten Oberfl\u00e4chenbeschichtungen greift somit weit zur\u00fcck. Die Verluste, die in Lagern, Getrieben und \u00e4hnlichen Aggregaten durch Abnutzung und Verschlei\u00df entstehen, sind beachtlich: j\u00e4hrlich verzeichnen die Volkswirtschaften der Industriel\u00e4nder Verluste von etwa 5 Prozent des Bruttosozialproduktes. Um diese deutliche Zahl zu verringern und die Lebensdauer sowie Leistungsf\u00e4higkeit von beanspruchten Anlagen langfristig zu erh\u00f6hen, hat die mittelhessische Firma REWITEC<sup>\u00ae<\/sup>&nbsp;ein bisher einzigartiges Produkt-Portfolio entwickelt.<\/p>\n\n\n\n<p>Das 2003 gegr\u00fcndete Technologie-Unternehmen hat es sich zur Aufgabe gemacht, die Langlebigkeit und Energieeffizienz von Anlagen, Maschinen und Getrieben zu f\u00f6rdern. Mit der Entwicklung von nano- und mikropartikelbasierten Schmierstoffzus\u00e4tzen hat REWITEC<sup>\u00ae<\/sup>&nbsp;die nachhaltige Laufzeit von behandelten Motoren und Getrieben im Blick und m\u00f6chte so einen entscheidenden Impuls zur Energiefreundlichkeit beitragen. Mit den Zielen, Investitionen vor Verschlei\u00df und \u00fcberm\u00e4\u00dfigem Energieverbrauch zu sch\u00fctzen sowie Systemsicherheit und Reparaturfreundlichkeit zu erreichen, vermarktet der mittelst\u00e4ndische Schmierstoffspezialist REWITEC<sup>\u00ae<\/sup>&nbsp;seine L\u00f6sungen weltweit. F\u00fcr die eigene Entwicklung legt das unabh\u00e4ngige Unternehmen jedoch gro\u00dfen Wert auf eine qualitativ hochwertige Herstellung in Deutschland. Aus diesem Grund findet die gesamte Forschung, Entwicklung sowie die Produktion an ihrem Hauptstandort in Lahnau statt.<\/p>\n\n\n\n<h2 class=\"wp-block-heading\">\u00dcbrigens<\/h2>\n\n\n\n<p>Der Name REWITEC<sup>\u00ae<\/sup>&nbsp;steht f\u00fcr Reparatur- und Wiederherstellungstechnologie.<\/p>\n\n\n\n<h2 class=\"wp-block-heading\">Auszeichnungen<\/h2>\n\n\n\n<ul class=\"wp-block-list\">\n<li>Innovationspreis der deutschen Wirtschaft 2007<\/li>\n\n\n\n<li>Finalist des 28. Innovationspreis der deutschen Wirtschaft 2008<\/li>\n\n\n\n<li>HUSUM WindEnergy Award 2009<\/li>\n\n\n\n<li>Industriepreis 2014 in der Kategorie - BEST OF 2014 f\u00fcr das Produkt DuraGear<sup>\u00ae<\/sup><\/li>\n\n\n\n<li>Finalist Wind Energy Award 2016 - Zulieferer des Jahres<\/li>\n\n\n\n<li>WCEAM 2018 - Gewinner des \"Best Industrial Case Award\"<\/li>\n<\/ul>\n\n\n\n<figure class=\"wp-block-image size-full is-resized\"><img loading=\"lazy\" decoding=\"async\" width=\"607\" height=\"628\" src=\"https:\/\/rewitec.ideehost.com\/wp-content\/uploads\/2025\/05\/rewitec_industriepreis-2014_auszeichnung.jpg\" alt=\"rewitec industriepreis 2014 auszeichnung\" class=\"wp-image-661\" style=\"width:341px;height:auto\" srcset=\"https:\/\/rewitec.ideehost.com\/wp-content\/uploads\/2025\/05\/rewitec_industriepreis-2014_auszeichnung.jpg 607w, https:\/\/rewitec.ideehost.com\/wp-content\/uploads\/2025\/05\/rewitec_industriepreis-2014_auszeichnung-290x300.jpg 290w\" sizes=\"auto, (max-width: 607px) 100vw, 607px\" \/><\/figure>","protected":false},"excerpt":{"rendered":"<p>Langlebigkeit und Nachhaltigkeit im Fokus Bereits seit der Erfindung des Rades besch\u00e4ftigen sich innovative Menschen mit dem Bereich Reibung und Verschlei\u00df. Die Entwicklung von Technologien zur Reibungsoptimierung und geeigneten Oberfl\u00e4chenbeschichtungen greift somit weit zur\u00fcck. Die Verluste, die in Lagern, Getrieben und \u00e4hnlichen Aggregaten durch Abnutzung und Verschlei\u00df entstehen, sind beachtlich: j\u00e4hrlich verzeichnen die Volkswirtschaften der [&hellip;]<\/p>","protected":false},"author":1,"featured_media":0,"parent":0,"menu_order":0,"comment_status":"closed","ping_status":"closed","template":"","meta":{"_acf_changed":false,"_seopress_robots_primary_cat":"","_seopress_titles_title":"","_seopress_titles_desc":"","_seopress_robots_index":"","inline_featured_image":false,"footnotes":""},"class_list":["post-313","page","type-page","status-publish","hentry"],"acf":[],"_links":{"self":[{"href":"https:\/\/rewitec.ideehost.com\/en\/wp-json\/wp\/v2\/pages\/313","targetHints":{"allow":["GET"]}}],"collection":[{"href":"https:\/\/rewitec.ideehost.com\/en\/wp-json\/wp\/v2\/pages"}],"about":[{"href":"https:\/\/rewitec.ideehost.com\/en\/wp-json\/wp\/v2\/types\/page"}],"author":[{"embeddable":true,"href":"https:\/\/rewitec.ideehost.com\/en\/wp-json\/wp\/v2\/users\/1"}],"replies":[{"embeddable":true,"href":"https:\/\/rewitec.ideehost.com\/en\/wp-json\/wp\/v2\/comments?post=313"}],"version-history":[{"count":4,"href":"https:\/\/rewitec.ideehost.com\/en\/wp-json\/wp\/v2\/pages\/313\/revisions"}],"predecessor-version":[{"id":664,"href":"https:\/\/rewitec.ideehost.com\/en\/wp-json\/wp\/v2\/pages\/313\/revisions\/664"}],"wp:attachment":[{"href":"https:\/\/rewitec.ideehost.com\/en\/wp-json\/wp\/v2\/media?parent=313"}],"curies":[{"name":"wp","href":"https:\/\/api.w.org\/{rel}","templated":true}]}}