{"id":321,"date":"2025-03-31T10:43:41","date_gmt":"2025-03-31T08:43:41","guid":{"rendered":"https:\/\/rewitec.ideehost.com\/?page_id=321"},"modified":"2025-03-31T10:46:32","modified_gmt":"2025-03-31T08:46:32","slug":"agb","status":"publish","type":"page","link":"https:\/\/rewitec.ideehost.com\/en\/agb\/","title":{"rendered":"GTC"},"content":{"rendered":"<p><strong>Allgemeine Gesch\u00e4ftsbedingungen<br><\/strong>Unsere allgemeinen Gesch\u00e4ftsbedingungen f\u00fcr gewerbliche Kunden und private Verbraucher k\u00f6nnen Sie sich nachfolgend gern herunterladen.<\/p>\n\n\n\n<p><\/p>\n\n\n\n<ul class=\"wp-block-list\">\n<li><a href=\"https:\/\/rewitec.ideehost.com\/wp-content\/uploads\/2025\/03\/rewitec-agb_gewerbl_de_stand-9-2010.pdf\" target=\"_blank\" rel=\"noreferrer noopener\">REWITEC\u00ae - AGB gewerbl. Stand 9-2010<\/a><\/li>\n\n\n\n<li><a href=\"https:\/\/rewitec.ideehost.com\/wp-content\/uploads\/2025\/03\/rewitec-agb_gewerbl_de_stand-9-2010.pdf\" target=\"_blank\" rel=\"noreferrer noopener\">REWITEC\u00ae - AGB privat Stand 9-2010<\/a><\/li>\n<\/ul>","protected":false},"excerpt":{"rendered":"<p>Allgemeine Gesch\u00e4ftsbedingungenUnsere allgemeinen Gesch\u00e4ftsbedingungen f\u00fcr gewerbliche Kunden und private Verbraucher k\u00f6nnen Sie sich nachfolgend gern herunterladen.<\/p>","protected":false},"author":1,"featured_media":0,"parent":0,"menu_order":0,"comment_status":"closed","ping_status":"closed","template":"","meta":{"_acf_changed":false,"_seopress_robots_primary_cat":"","_seopress_titles_title":"","_seopress_titles_desc":"","_seopress_robots_index":"","inline_featured_image":false,"footnotes":""},"class_list":["post-321","page","type-page","status-publish","hentry"],"acf":[],"_links":{"self":[{"href":"https:\/\/rewitec.ideehost.com\/en\/wp-json\/wp\/v2\/pages\/321","targetHints":{"allow":["GET"]}}],"collection":[{"href":"https:\/\/rewitec.ideehost.com\/en\/wp-json\/wp\/v2\/pages"}],"about":[{"href":"https:\/\/rewitec.ideehost.com\/en\/wp-json\/wp\/v2\/types\/page"}],"author":[{"embeddable":true,"href":"https:\/\/rewitec.ideehost.com\/en\/wp-json\/wp\/v2\/users\/1"}],"replies":[{"embeddable":true,"href":"https:\/\/rewitec.ideehost.com\/en\/wp-json\/wp\/v2\/comments?post=321"}],"version-history":[{"count":4,"href":"https:\/\/rewitec.ideehost.com\/en\/wp-json\/wp\/v2\/pages\/321\/revisions"}],"predecessor-version":[{"id":330,"href":"https:\/\/rewitec.ideehost.com\/en\/wp-json\/wp\/v2\/pages\/321\/revisions\/330"}],"wp:attachment":[{"href":"https:\/\/rewitec.ideehost.com\/en\/wp-json\/wp\/v2\/media?parent=321"}],"curies":[{"name":"wp","href":"https:\/\/api.w.org\/{rel}","templated":true}]}}